{"id":714,"date":"2022-05-15T15:23:40","date_gmt":"2022-05-15T13:23:40","guid":{"rendered":"http:\/\/elsa-millard.fr\/?page_id=714"},"modified":"2022-11-05T14:36:50","modified_gmt":"2022-11-05T13:36:50","slug":"blog","status":"publish","type":"page","link":"https:\/\/elsa-millard.fr\/index.php\/blog\/","title":{"rendered":"Blog"},"content":{"rendered":"<p>[et_pb_section fb_built=\u00a0\u00bb1&Prime; admin_label=\u00a0\u00bbHero\u00a0\u00bb _builder_version=\u00a0\u00bb4.17.3&Prime; background_image=\u00a0\u00bbhttps:\/\/elsa-millard.fr\/wp-content\/uploads\/2022\/05\/boule-png.png\u00a0\u00bb min_height=\u00a0\u00bb283px\u00a0\u00bb custom_margin=\u00a0\u00bb||||false\u00a0\u00bb custom_padding=\u00a0\u00bb3vw||3vw||false|false\u00a0\u00bb bottom_divider_style=\u00a0\u00bbcurve\u00a0\u00bb bottom_divider_color=\u00a0\u00bb#FFFFFF\u00a0\u00bb bottom_divider_height=\u00a0\u00bb2.5vw\u00a0\u00bb global_colors_info=\u00a0\u00bb{}\u00a0\u00bb][et_pb_row _builder_version=\u00a0\u00bb4.16&Prime; custom_margin=\u00a0\u00bb0px|auto||auto||\u00a0\u00bb animation_style=\u00a0\u00bbfade\u00a0\u00bb global_colors_info=\u00a0\u00bb{}\u00a0\u00bb][et_pb_column type=\u00a0\u00bb4_4&Prime; _builder_version=\u00a0\u00bb4.16&Prime; custom_padding=\u00a0\u00bb|||\u00a0\u00bb global_colors_info=\u00a0\u00bb{}\u00a0\u00bb custom_padding__hover=\u00a0\u00bb|||\u00a0\u00bb][et_pb_text _builder_version=\u00a0\u00bb4.16&Prime; text_font=\u00a0\u00bb||||||||\u00a0\u00bb text_font_size=\u00a0\u00bb18px\u00a0\u00bb text_line_height=\u00a0\u00bb2em\u00a0\u00bb header_font=\u00a0\u00bbArial|700|||||||\u00a0\u00bb header_text_color=\u00a0\u00bb#FFFFFF\u00a0\u00bb header_font_size=\u00a0\u00bb70px\u00a0\u00bb header_line_height=\u00a0\u00bb1.4em\u00a0\u00bb text_orientation=\u00a0\u00bbcenter\u00a0\u00bb max_width=\u00a0\u00bb700px\u00a0\u00bb module_alignment=\u00a0\u00bbcenter\u00a0\u00bb header_font_size_tablet=\u00a0\u00bb40px\u00a0\u00bb header_font_size_phone=\u00a0\u00bb32px\u00a0\u00bb header_font_size_last_edited=\u00a0\u00bbon|desktop\u00a0\u00bb global_colors_info=\u00a0\u00bb{}\u00a0\u00bb]<\/p>\n<h1>Mon blog<\/h1>\n<p>[\/et_pb_text][et_pb_button button_url=\u00a0\u00bbhttps:\/\/www.doctolib.fr\/hypnotherapeute\/asnieres-sur-seine\/elsa-millard\u00a0\u00bb button_text=\u00a0\u00bbPrendre RDV\u00a0\u00bb button_alignment=\u00a0\u00bbcenter\u00a0\u00bb _builder_version=\u00a0\u00bb4.17.3&Prime; custom_button=\u00a0\u00bbon\u00a0\u00bb button_text_size=\u00a0\u00bb16px\u00a0\u00bb button_text_color=\u00a0\u00bb#ffffff\u00a0\u00bb button_bg_color=\u00a0\u00bb#644d77&Prime; button_border_color=\u00a0\u00bbrgba(0,0,0,0)\u00a0\u00bb button_border_radius=\u00a0\u00bb100px\u00a0\u00bb button_letter_spacing=\u00a0\u00bb2px\u00a0\u00bb button_font=\u00a0\u00bbLato|900|||||||\u00a0\u00bb button_icon=\u00a0\u00bb&#x35;||divi||400&Prime; button_icon_placement=\u00a0\u00bbleft\u00a0\u00bb button_on_hover=\u00a0\u00bboff\u00a0\u00bb custom_margin=\u00a0\u00bb||||false|false\u00a0\u00bb custom_padding=\u00a0\u00bb16px|50px|16px|50px|true|true\u00a0\u00bb box_shadow_style=\u00a0\u00bbpreset2&Prime; box_shadow_color=\u00a0\u00bbrgba(100,162,193,0.4)\u00a0\u00bb button_letter_spacing_hover=\u00a0\u00bb2px\u00a0\u00bb locked=\u00a0\u00bboff\u00a0\u00bb global_colors_info=\u00a0\u00bb{}\u00a0\u00bb button_text_size__hover_enabled=\u00a0\u00bboff\u00a0\u00bb button_one_text_size__hover_enabled=\u00a0\u00bboff\u00a0\u00bb button_two_text_size__hover_enabled=\u00a0\u00bboff\u00a0\u00bb button_text_color__hover_enabled=\u00a0\u00bboff\u00a0\u00bb button_one_text_color__hover_enabled=\u00a0\u00bboff\u00a0\u00bb button_two_text_color__hover_enabled=\u00a0\u00bboff\u00a0\u00bb button_border_width__hover_enabled=\u00a0\u00bboff\u00a0\u00bb button_one_border_width__hover_enabled=\u00a0\u00bboff\u00a0\u00bb button_two_border_width__hover_enabled=\u00a0\u00bboff\u00a0\u00bb button_border_color__hover_enabled=\u00a0\u00bboff\u00a0\u00bb button_one_border_color__hover_enabled=\u00a0\u00bboff\u00a0\u00bb button_two_border_color__hover_enabled=\u00a0\u00bboff\u00a0\u00bb button_border_radius__hover_enabled=\u00a0\u00bboff\u00a0\u00bb button_one_border_radius__hover_enabled=\u00a0\u00bboff\u00a0\u00bb button_two_border_radius__hover_enabled=\u00a0\u00bboff\u00a0\u00bb button_letter_spacing__hover_enabled=\u00a0\u00bbon|desktop\u00a0\u00bb button_letter_spacing__hover=\u00a0\u00bb2px\u00a0\u00bb button_one_letter_spacing__hover_enabled=\u00a0\u00bboff\u00a0\u00bb button_two_letter_spacing__hover_enabled=\u00a0\u00bboff\u00a0\u00bb button_bg_color__hover_enabled=\u00a0\u00bboff\u00a0\u00bb button_one_bg_color__hover_enabled=\u00a0\u00bboff\u00a0\u00bb button_two_bg_color__hover_enabled=\u00a0\u00bboff\u00a0\u00bb][\/et_pb_button][\/et_pb_column][\/et_pb_row][\/et_pb_section][et_pb_section fb_built=\u00a0\u00bb1&Prime; admin_label=\u00a0\u00bbBlog\u00a0\u00bb _builder_version=\u00a0\u00bb4.16&Prime; custom_padding=\u00a0\u00bb53px|1px|53.4688px|0px|false|false\u00a0\u00bb global_colors_info=\u00a0\u00bb{}\u00a0\u00bb][et_pb_row use_custom_gutter=\u00a0\u00bbon\u00a0\u00bb _builder_version=\u00a0\u00bb4.17.3&Prime; global_colors_info=\u00a0\u00bb{}\u00a0\u00bb][et_pb_column type=\u00a0\u00bb4_4&Prime; _builder_version=\u00a0\u00bb4.16&Prime; custom_padding=\u00a0\u00bb|||\u00a0\u00bb global_colors_info=\u00a0\u00bb{}\u00a0\u00bb custom_padding__hover=\u00a0\u00bb|||\u00a0\u00bb][et_pb_blog fullwidth=\u00a0\u00bboff\u00a0\u00bb posts_number=\u00a0\u00bb15&Prime; use_overlay=\u00a0\u00bbon\u00a0\u00bb _builder_version=\u00a0\u00bb4.17.3&Prime; header_font=\u00a0\u00bbMontserrat||||||||\u00a0\u00bb header_line_height=\u00a0\u00bb1.4em\u00a0\u00bb body_font=\u00a0\u00bb||||||||\u00a0\u00bb body_line_height=\u00a0\u00bb2.1em\u00a0\u00bb meta_font=\u00a0\u00bb||||||||\u00a0\u00bb meta_text_color=\u00a0\u00bbrgba(0,0,0,0.2)\u00a0\u00bb pagination_font=\u00a0\u00bbMontserrat||||||||\u00a0\u00bb pagination_text_color=\u00a0\u00bb#7f8dff\u00a0\u00bb pagination_font_size=\u00a0\u00bb16px\u00a0\u00bb border_radii=\u00a0\u00bbon|10px|10px|10px|10px\u00a0\u00bb border_width_all=\u00a0\u00bb0px\u00a0\u00bb box_shadow_style=\u00a0\u00bbpreset1&Prime; box_shadow_blur=\u00a0\u00bb30px\u00a0\u00bb box_shadow_color=\u00a0\u00bbrgba(0,0,0,0.06)\u00a0\u00bb global_colors_info=\u00a0\u00bb{}\u00a0\u00bb][\/et_pb_blog][\/et_pb_column][\/et_pb_row][et_pb_row _builder_version=\u00a0\u00bb4.17.3&Prime; _module_preset=\u00a0\u00bbdefault\u00a0\u00bb global_colors_info=\u00a0\u00bb{}\u00a0\u00bb][et_pb_column type=\u00a0\u00bb4_4&Prime; _builder_version=\u00a0\u00bb4.17.3&Prime; _module_preset=\u00a0\u00bbdefault\u00a0\u00bb global_colors_info=\u00a0\u00bb{}\u00a0\u00bb][\/et_pb_column][\/et_pb_row][\/et_pb_section]<\/p>\n","protected":false},"excerpt":{"rendered":"<p>Mon blog<\/p>\n","protected":false},"author":1,"featured_media":0,"parent":0,"menu_order":0,"comment_status":"closed","ping_status":"closed","template":"","meta":{"_et_pb_use_builder":"on","_et_pb_old_content":"","_et_gb_content_width":"","footnotes":""},"class_list":["post-714","page","type-page","status-publish","hentry"],"yoast_head":"<!-- This site is optimized with the Yoast SEO plugin v20.6 - https:\/\/yoast.com\/wordpress\/plugins\/seo\/ -->\n<title>Blog - Elsa Millard Hypnoth\u00e9rapeute<\/title>\n<meta name=\"description\" content=\"Hypnose Asni\u00e8res sur Seine - Hypnoth\u00e9rapeute 92 - Hypnose Enfant - Hypnose D\u00e9pression - Trouver un bon hypnoth\u00e9rapeute\" \/>\n<meta name=\"robots\" content=\"index, follow, max-snippet:-1, max-image-preview:large, max-video-preview:-1\" \/>\n<link rel=\"canonical\" href=\"https:\/\/elsa-millard.fr\/index.php\/blog\/\" \/>\n<meta property=\"og:locale\" content=\"fr_FR\" \/>\n<meta property=\"og:type\" content=\"article\" \/>\n<meta property=\"og:title\" content=\"Blog - Elsa Millard Hypnoth\u00e9rapeute\" \/>\n<meta property=\"og:description\" content=\"Hypnose Asni\u00e8res sur Seine - Hypnoth\u00e9rapeute 92 - Hypnose Enfant - Hypnose D\u00e9pression - Trouver un bon hypnoth\u00e9rapeute\" \/>\n<meta property=\"og:url\" content=\"https:\/\/elsa-millard.fr\/index.php\/blog\/\" \/>\n<meta property=\"og:site_name\" content=\"Elsa Millard Hypnoth\u00e9rapeute\" \/>\n<meta property=\"article:modified_time\" content=\"2022-11-05T13:36:50+00:00\" \/>\n<meta name=\"twitter:card\" content=\"summary_large_image\" \/>\n<meta name=\"twitter:label1\" content=\"Dur\u00e9e de lecture estim\u00e9e\" \/>\n\t<meta name=\"twitter:data1\" content=\"1 minute\" \/>\n<script type=\"application\/ld+json\" class=\"yoast-schema-graph\">{\"@context\":\"https:\/\/schema.org\",\"@graph\":[{\"@type\":\"WebPage\",\"@id\":\"https:\/\/elsa-millard.fr\/index.php\/blog\/\",\"url\":\"https:\/\/elsa-millard.fr\/index.php\/blog\/\",\"name\":\"Blog - Elsa Millard Hypnoth\u00e9rapeute\",\"isPartOf\":{\"@id\":\"https:\/\/elsa-millard.fr\/#website\"},\"datePublished\":\"2022-05-15T13:23:40+00:00\",\"dateModified\":\"2022-11-05T13:36:50+00:00\",\"description\":\"Hypnose Asni\u00e8res sur Seine - Hypnoth\u00e9rapeute 92 - Hypnose Enfant - Hypnose D\u00e9pression - Trouver un bon hypnoth\u00e9rapeute\",\"breadcrumb\":{\"@id\":\"https:\/\/elsa-millard.fr\/index.php\/blog\/#breadcrumb\"},\"inLanguage\":\"fr-FR\",\"potentialAction\":[{\"@type\":\"ReadAction\",\"target\":[\"https:\/\/elsa-millard.fr\/index.php\/blog\/\"]}]},{\"@type\":\"BreadcrumbList\",\"@id\":\"https:\/\/elsa-millard.fr\/index.php\/blog\/#breadcrumb\",\"itemListElement\":[{\"@type\":\"ListItem\",\"position\":1,\"name\":\"Accueil\",\"item\":\"https:\/\/elsa-millard.fr\/\"},{\"@type\":\"ListItem\",\"position\":2,\"name\":\"Blog\"}]},{\"@type\":\"WebSite\",\"@id\":\"https:\/\/elsa-millard.fr\/#website\",\"url\":\"https:\/\/elsa-millard.fr\/\",\"name\":\"Elsa Millard Hypnoth\u00e9rapeute\",\"description\":\"Elsa Millard Ma\u00eetre Praticien sp\u00e9cialis\u00e9e en Hypnose Humaniste, Hypnose et poids, Hypnose et tabac, Hypnose pour enfants et adolescents, Hypnose classique, Ma\u00eetre en Psychologie de l&#039;enfance et de l&#039;adolescence, pratique la PNL, l&#039;Analyse Transactionnelle et la Communication Non Violente vous re\u00e7oit \u00e0 Asni\u00e8res sur Seine \u00e0 10 minutes en train de Paris.\",\"publisher\":{\"@id\":\"https:\/\/elsa-millard.fr\/#organization\"},\"potentialAction\":[{\"@type\":\"SearchAction\",\"target\":{\"@type\":\"EntryPoint\",\"urlTemplate\":\"https:\/\/elsa-millard.fr\/?s={search_term_string}\"},\"query-input\":\"required name=search_term_string\"}],\"inLanguage\":\"fr-FR\"},{\"@type\":\"Organization\",\"@id\":\"https:\/\/elsa-millard.fr\/#organization\",\"name\":\"Elsa Millard Hypnoth\u00e9rapeute\",\"url\":\"https:\/\/elsa-millard.fr\/\",\"logo\":{\"@type\":\"ImageObject\",\"inLanguage\":\"fr-FR\",\"@id\":\"https:\/\/elsa-millard.fr\/#\/schema\/logo\/image\/\",\"url\":\"https:\/\/elsa-millard.fr\/wp-content\/uploads\/2022\/05\/boule-png-1.png\",\"contentUrl\":\"https:\/\/elsa-millard.fr\/wp-content\/uploads\/2022\/05\/boule-png-1.png\",\"width\":1300,\"height\":975,\"caption\":\"Elsa Millard Hypnoth\u00e9rapeute\"},\"image\":{\"@id\":\"https:\/\/elsa-millard.fr\/#\/schema\/logo\/image\/\"}}]}<\/script>\n<!-- \/ Yoast SEO plugin. -->","yoast_head_json":{"title":"Blog - Elsa Millard Hypnoth\u00e9rapeute","description":"Hypnose Asni\u00e8res sur Seine - Hypnoth\u00e9rapeute 92 - Hypnose Enfant - Hypnose D\u00e9pression - Trouver un bon hypnoth\u00e9rapeute","robots":{"index":"index","follow":"follow","max-snippet":"max-snippet:-1","max-image-preview":"max-image-preview:large","max-video-preview":"max-video-preview:-1"},"canonical":"https:\/\/elsa-millard.fr\/index.php\/blog\/","og_locale":"fr_FR","og_type":"article","og_title":"Blog - Elsa Millard Hypnoth\u00e9rapeute","og_description":"Hypnose Asni\u00e8res sur Seine - Hypnoth\u00e9rapeute 92 - Hypnose Enfant - Hypnose D\u00e9pression - Trouver un bon hypnoth\u00e9rapeute","og_url":"https:\/\/elsa-millard.fr\/index.php\/blog\/","og_site_name":"Elsa Millard Hypnoth\u00e9rapeute","article_modified_time":"2022-11-05T13:36:50+00:00","twitter_card":"summary_large_image","twitter_misc":{"Dur\u00e9e de lecture estim\u00e9e":"1 minute"},"schema":{"@context":"https:\/\/schema.org","@graph":[{"@type":"WebPage","@id":"https:\/\/elsa-millard.fr\/index.php\/blog\/","url":"https:\/\/elsa-millard.fr\/index.php\/blog\/","name":"Blog - Elsa Millard Hypnoth\u00e9rapeute","isPartOf":{"@id":"https:\/\/elsa-millard.fr\/#website"},"datePublished":"2022-05-15T13:23:40+00:00","dateModified":"2022-11-05T13:36:50+00:00","description":"Hypnose Asni\u00e8res sur Seine - Hypnoth\u00e9rapeute 92 - Hypnose Enfant - Hypnose D\u00e9pression - Trouver un bon hypnoth\u00e9rapeute","breadcrumb":{"@id":"https:\/\/elsa-millard.fr\/index.php\/blog\/#breadcrumb"},"inLanguage":"fr-FR","potentialAction":[{"@type":"ReadAction","target":["https:\/\/elsa-millard.fr\/index.php\/blog\/"]}]},{"@type":"BreadcrumbList","@id":"https:\/\/elsa-millard.fr\/index.php\/blog\/#breadcrumb","itemListElement":[{"@type":"ListItem","position":1,"name":"Accueil","item":"https:\/\/elsa-millard.fr\/"},{"@type":"ListItem","position":2,"name":"Blog"}]},{"@type":"WebSite","@id":"https:\/\/elsa-millard.fr\/#website","url":"https:\/\/elsa-millard.fr\/","name":"Elsa Millard Hypnoth\u00e9rapeute","description":"Elsa Millard Ma\u00eetre Praticien sp\u00e9cialis\u00e9e en Hypnose Humaniste, Hypnose et poids, Hypnose et tabac, Hypnose pour enfants et adolescents, Hypnose classique, Ma\u00eetre en Psychologie de l&#039;enfance et de l&#039;adolescence, pratique la PNL, l&#039;Analyse Transactionnelle et la Communication Non Violente vous re\u00e7oit \u00e0 Asni\u00e8res sur Seine \u00e0 10 minutes en train de Paris.","publisher":{"@id":"https:\/\/elsa-millard.fr\/#organization"},"potentialAction":[{"@type":"SearchAction","target":{"@type":"EntryPoint","urlTemplate":"https:\/\/elsa-millard.fr\/?s={search_term_string}"},"query-input":"required name=search_term_string"}],"inLanguage":"fr-FR"},{"@type":"Organization","@id":"https:\/\/elsa-millard.fr\/#organization","name":"Elsa Millard Hypnoth\u00e9rapeute","url":"https:\/\/elsa-millard.fr\/","logo":{"@type":"ImageObject","inLanguage":"fr-FR","@id":"https:\/\/elsa-millard.fr\/#\/schema\/logo\/image\/","url":"https:\/\/elsa-millard.fr\/wp-content\/uploads\/2022\/05\/boule-png-1.png","contentUrl":"https:\/\/elsa-millard.fr\/wp-content\/uploads\/2022\/05\/boule-png-1.png","width":1300,"height":975,"caption":"Elsa Millard Hypnoth\u00e9rapeute"},"image":{"@id":"https:\/\/elsa-millard.fr\/#\/schema\/logo\/image\/"}}]}},"_links":{"self":[{"href":"https:\/\/elsa-millard.fr\/index.php\/wp-json\/wp\/v2\/pages\/714","targetHints":{"allow":["GET"]}}],"collection":[{"href":"https:\/\/elsa-millard.fr\/index.php\/wp-json\/wp\/v2\/pages"}],"about":[{"href":"https:\/\/elsa-millard.fr\/index.php\/wp-json\/wp\/v2\/types\/page"}],"author":[{"embeddable":true,"href":"https:\/\/elsa-millard.fr\/index.php\/wp-json\/wp\/v2\/users\/1"}],"replies":[{"embeddable":true,"href":"https:\/\/elsa-millard.fr\/index.php\/wp-json\/wp\/v2\/comments?post=714"}],"version-history":[{"count":10,"href":"https:\/\/elsa-millard.fr\/index.php\/wp-json\/wp\/v2\/pages\/714\/revisions"}],"predecessor-version":[{"id":1046,"href":"https:\/\/elsa-millard.fr\/index.php\/wp-json\/wp\/v2\/pages\/714\/revisions\/1046"}],"wp:attachment":[{"href":"https:\/\/elsa-millard.fr\/index.php\/wp-json\/wp\/v2\/media?parent=714"}],"curies":[{"name":"wp","href":"https:\/\/api.w.org\/{rel}","templated":true}]}}